{"id":20,"date":"2024-09-13T08:54:39","date_gmt":"2024-09-13T06:54:39","guid":{"rendered":"https:\/\/kardiokom.sk\/?page_id=20"},"modified":"2024-09-13T08:54:39","modified_gmt":"2024-09-13T06:54:39","slug":"pristrojove-vybavenie","status":"publish","type":"page","link":"https:\/\/kardiokom.sk\/?page_id=20","title":{"rendered":"Pr\u00edstrojov\u00e9 vybavenie"},"content":{"rendered":"\n<h4 class=\"wp-block-heading\"><strong>EKG:<\/strong>&nbsp;12 zvodov\u00e9 EKG, zna\u010dky Philips TC 30<br><strong>EKG Holter:<\/strong>&nbsp;Digitrak, Philips, monitorovanie EKG 24\/48 h<br><strong>Cardioclip:<\/strong>&nbsp;monitor arytmick\u00fdch udalost\u00ed, a\u017e 7 dn\u00ed<br><strong>TK Holter:<\/strong>&nbsp;japonsk\u00fd v\u00fdrobok<br><strong>Echokg:<\/strong>&nbsp;Philips HD 15, ultrazvukov\u00fd pr\u00edstroj vy\u0161\u0161ej strednej triedy na vy\u0161etrenie srdca a ciev, rok v\u00fdroby 2014<\/h4>\n\n\n\n<h2 class=\"wp-block-heading\"><br>Vzdelanie a aktivity:<\/h2>\n\n\n\n<h4 class=\"wp-block-heading\">Prom\u00f3cia na Fakulte v\u0161eobecn\u00e9ho lek\u00e1rstva Univerzity Karlovy v Prahe<br>Atest\u00e1cia z vn\u00fatorneho lek\u00e1rstva-ILF Bratislava<br>Atest\u00e1cia z kardiol\u00f3gie- ILF Bratislava<br>Pre\u0161kolenie v ultrazvukov\u00fdch vy\u0161etrovac\u00edch met\u00f3dach &#8211; SSUM,Pie\u0161\u0165any, 2015<br>\u010clenstvo v odborn\u00fdch spolo\u010dnostiach-<br>SKS-Slovensk\u00e1 kardiologick\u00e1 spolo\u010dnos\u0165,<br>\u010cKS \u2013 \u010cesk\u00e1 kardiologick\u00e1 spolo\u010dnos\u0165<br>MKT \u2013 Magyar Karadiol\u00f3giai T\u00e1rsas\u00e1g<br>ESC \u2013 European Society of Cardiology<br>SASA \u2013 Slovensk\u00e1 asoci\u00e1cia srdcov\u00fdch arytmi\u00ed<br>EHRA &#8211; European Heart Rate Association<br>SSUM \u2013 Slovensk\u00e1 spolo\u010dnos\u0165 ultrazvuku v medic\u00edne<br>Kontinu\u00e1lne vzdel\u00e1vanie v kardiologii, pravideln\u00e1 \u00fa\u010das\u0165 na kongresoch odborn\u00fdch spolo\u010dnost\u00ed.<\/h4>\n","protected":false},"excerpt":{"rendered":"<p>EKG:&nbsp;12 zvodov\u00e9 EKG, zna\u010dky Philips TC 30EKG Holter:&nbsp;Digitrak, Philips, monitorovanie EKG 24\/48 hCardioclip:&nbsp;monitor arytmick\u00fdch udalost\u00ed, a\u017e 7 dn\u00edTK Holter:&nbsp;japonsk\u00fd v\u00fdrobokEchokg:&nbsp;Philips HD 15, ultrazvukov\u00fd pr\u00edstroj vy\u0161\u0161ej strednej triedy na vy\u0161etrenie srdca a ciev, rok v\u00fdroby 2014 Vzdelanie a aktivity: Prom\u00f3cia na &hellip; <a href=\"https:\/\/kardiokom.sk\/?page_id=20\">Continue reading <span class=\"meta-nav\">&rarr;<\/span><\/a><\/p>\n","protected":false},"author":1,"featured_media":0,"parent":0,"menu_order":0,"comment_status":"closed","ping_status":"closed","template":"","meta":[],"_links":{"self":[{"href":"https:\/\/kardiokom.sk\/index.php?rest_route=\/wp\/v2\/pages\/20"}],"collection":[{"href":"https:\/\/kardiokom.sk\/index.php?rest_route=\/wp\/v2\/pages"}],"about":[{"href":"https:\/\/kardiokom.sk\/index.php?rest_route=\/wp\/v2\/types\/page"}],"author":[{"embeddable":true,"href":"https:\/\/kardiokom.sk\/index.php?rest_route=\/wp\/v2\/users\/1"}],"replies":[{"embeddable":true,"href":"https:\/\/kardiokom.sk\/index.php?rest_route=%2Fwp%2Fv2%2Fcomments&post=20"}],"version-history":[{"count":1,"href":"https:\/\/kardiokom.sk\/index.php?rest_route=\/wp\/v2\/pages\/20\/revisions"}],"predecessor-version":[{"id":21,"href":"https:\/\/kardiokom.sk\/index.php?rest_route=\/wp\/v2\/pages\/20\/revisions\/21"}],"wp:attachment":[{"href":"https:\/\/kardiokom.sk\/index.php?rest_route=%2Fwp%2Fv2%2Fmedia&parent=20"}],"curies":[{"name":"wp","href":"https:\/\/api.w.org\/{rel}","templated":true}]}}