{"id":22,"date":"2024-09-13T08:57:34","date_gmt":"2024-09-13T06:57:34","guid":{"rendered":"https:\/\/kardiokom.sk\/?page_id=22"},"modified":"2024-09-13T08:57:34","modified_gmt":"2024-09-13T06:57:34","slug":"zmluvne-poistovne","status":"publish","type":"page","link":"https:\/\/kardiokom.sk\/?page_id=22","title":{"rendered":"Zmluvn\u00e9 pois\u0165ovne"},"content":{"rendered":"\n<h4 class=\"wp-block-heading has-text-align-center\"><br><br>pois\u0165ov\u0148a 24:<br>D\u00d4VERA zdravotn\u00e1 pois\u0165ov\u0148a, a.s<\/h4>\n\n\n<div class=\"wp-block-image\">\n<figure class=\"aligncenter size-full\"><img decoding=\"async\" loading=\"lazy\" width=\"366\" height=\"138\" src=\"https:\/\/kardiokom.sk\/wp-content\/uploads\/2024\/09\/bizt-dovera.jpg\" alt=\"\" class=\"wp-image-24\" srcset=\"https:\/\/kardiokom.sk\/wp-content\/uploads\/2024\/09\/bizt-dovera.jpg 366w, https:\/\/kardiokom.sk\/wp-content\/uploads\/2024\/09\/bizt-dovera-300x113.jpg 300w\" sizes=\"(max-width: 366px) 100vw, 366px\" \/><\/figure><\/div>\n\n\n<h4 class=\"wp-block-heading\">&nbsp;<\/h4>\n\n\n\n<h4 class=\"wp-block-heading has-text-align-center\">pois\u0165ov\u0148a 27:<br>Union zdravotn\u00e1 pois\u0165ov\u0148a a.s.<\/h4>\n\n\n<div class=\"wp-block-image\">\n<figure class=\"aligncenter size-full\"><img decoding=\"async\" loading=\"lazy\" width=\"290\" height=\"174\" src=\"https:\/\/kardiokom.sk\/wp-content\/uploads\/2024\/09\/bizt-union.jpg\" alt=\"\" class=\"wp-image-23\"\/><\/figure><\/div>\n\n\n<h4 class=\"wp-block-heading\"><\/h4>\n\n\n\n<p><\/p>\n","protected":false},"excerpt":{"rendered":"<p>pois\u0165ov\u0148a 24:D\u00d4VERA zdravotn\u00e1 pois\u0165ov\u0148a, a.s &nbsp; pois\u0165ov\u0148a 27:Union zdravotn\u00e1 pois\u0165ov\u0148a a.s.<\/p>\n","protected":false},"author":1,"featured_media":0,"parent":0,"menu_order":0,"comment_status":"closed","ping_status":"closed","template":"","meta":[],"_links":{"self":[{"href":"https:\/\/kardiokom.sk\/index.php?rest_route=\/wp\/v2\/pages\/22"}],"collection":[{"href":"https:\/\/kardiokom.sk\/index.php?rest_route=\/wp\/v2\/pages"}],"about":[{"href":"https:\/\/kardiokom.sk\/index.php?rest_route=\/wp\/v2\/types\/page"}],"author":[{"embeddable":true,"href":"https:\/\/kardiokom.sk\/index.php?rest_route=\/wp\/v2\/users\/1"}],"replies":[{"embeddable":true,"href":"https:\/\/kardiokom.sk\/index.php?rest_route=%2Fwp%2Fv2%2Fcomments&post=22"}],"version-history":[{"count":1,"href":"https:\/\/kardiokom.sk\/index.php?rest_route=\/wp\/v2\/pages\/22\/revisions"}],"predecessor-version":[{"id":25,"href":"https:\/\/kardiokom.sk\/index.php?rest_route=\/wp\/v2\/pages\/22\/revisions\/25"}],"wp:attachment":[{"href":"https:\/\/kardiokom.sk\/index.php?rest_route=%2Fwp%2Fv2%2Fmedia&parent=22"}],"curies":[{"name":"wp","href":"https:\/\/api.w.org\/{rel}","templated":true}]}}