{"id":29,"date":"2024-09-13T08:59:41","date_gmt":"2024-09-13T06:59:41","guid":{"rendered":"https:\/\/kardiokom.sk\/?page_id=29"},"modified":"2024-09-13T09:00:05","modified_gmt":"2024-09-13T07:00:05","slug":"kontakt","status":"publish","type":"page","link":"https:\/\/kardiokom.sk\/?page_id=29","title":{"rendered":"Kontakt"},"content":{"rendered":"\n<h4 class=\"wp-block-heading\"><strong>Kardiologick\u00e1 ambulancia &#8211; KardioKom<\/strong><\/h4>\n\n\n\n<h4 class=\"wp-block-heading\">Zdravotn\u00e9 stredisko, R\u00e1k\u00f3cziho ul. 31, 945 01&nbsp; Kom\u00e1rno<br><br><\/h4>\n\n\n\n<figure class=\"wp-block-image size-full\"><img decoding=\"async\" loading=\"lazy\" width=\"240\" height=\"50\" src=\"http:\/\/kardiokom.sk\/wp-content\/uploads\/2024\/09\/logo_kardiokom.png\" alt=\"\" class=\"wp-image-27\"\/><\/figure>\n\n\n\n<h4 class=\"wp-block-heading\">Tel:&nbsp;<strong>0907 591 333,<\/strong>&nbsp;v pracovnej dobe<br>E-mail:&nbsp;<a href=\"mailto:kardiokom@kardiokom.sk\">kardiokom@kardiokom.sk<\/a><\/h4>\n\n\n\n<h4 class=\"wp-block-heading\">&nbsp;<\/h4>\n\n\n\n<h3 class=\"wp-block-heading\">Ordina\u010dn\u00e9 hodiny:<\/h3>\n\n\n\n<h4 class=\"wp-block-heading\">Pondelok\u2013piatok: 7:00\u201315:00 h<\/h4>\n","protected":false},"excerpt":{"rendered":"<p>Kardiologick\u00e1 ambulancia &#8211; KardioKom Zdravotn\u00e9 stredisko, R\u00e1k\u00f3cziho ul. 31, 945 01&nbsp; Kom\u00e1rno Tel:&nbsp;0907 591 333,&nbsp;v pracovnej dobeE-mail:&nbsp;kardiokom@kardiokom.sk &nbsp; Ordina\u010dn\u00e9 hodiny: Pondelok\u2013piatok: 7:00\u201315:00 h<\/p>\n","protected":false},"author":1,"featured_media":0,"parent":0,"menu_order":5,"comment_status":"closed","ping_status":"closed","template":"","meta":[],"_links":{"self":[{"href":"https:\/\/kardiokom.sk\/index.php?rest_route=\/wp\/v2\/pages\/29"}],"collection":[{"href":"https:\/\/kardiokom.sk\/index.php?rest_route=\/wp\/v2\/pages"}],"about":[{"href":"https:\/\/kardiokom.sk\/index.php?rest_route=\/wp\/v2\/types\/page"}],"author":[{"embeddable":true,"href":"https:\/\/kardiokom.sk\/index.php?rest_route=\/wp\/v2\/users\/1"}],"replies":[{"embeddable":true,"href":"https:\/\/kardiokom.sk\/index.php?rest_route=%2Fwp%2Fv2%2Fcomments&post=29"}],"version-history":[{"count":2,"href":"https:\/\/kardiokom.sk\/index.php?rest_route=\/wp\/v2\/pages\/29\/revisions"}],"predecessor-version":[{"id":31,"href":"https:\/\/kardiokom.sk\/index.php?rest_route=\/wp\/v2\/pages\/29\/revisions\/31"}],"wp:attachment":[{"href":"https:\/\/kardiokom.sk\/index.php?rest_route=%2Fwp%2Fv2%2Fmedia&parent=29"}],"curies":[{"name":"wp","href":"https:\/\/api.w.org\/{rel}","templated":true}]}}